{"id":43,"date":"2025-02-03T20:27:16","date_gmt":"2025-02-03T20:27:16","guid":{"rendered":"https:\/\/www.musiquenotabene.ch\/?page_id=43"},"modified":"2025-09-05T06:48:39","modified_gmt":"2025-09-05T06:48:39","slug":"presse","status":"publish","type":"page","link":"https:\/\/www.musiquenotabene.ch\/?page_id=43","title":{"rendered":"Presse"},"content":{"rendered":"\n<dl class=\"wp-block-rayden-gutenberg-accordion accordion undefined\">\n<dt><span>NZZ, J\u00fcrg Huber, octobre 2013<\/span><div class=\"acc-icon-wrap parallax-wrap\"><div class=\"acc-button-icon parallax-element\"><i class=\"fa fa-angle-down\"><\/i><\/div><\/div><\/dt><dd class=\"accordion-content\">\u00ab\u00a0Kammermusik ber\u00fchrt und bewegt, wenn sie denn so gekonnt und engagiert gespielt wird wie vom Trio Nota Bene und von seinen beiden G\u00e4sten Ilya Gringolts und Silvia Simionescu. Sie interpretierten Werke von Rachmaninow, Dohn\u00e1nyi und Brahms.\u00a0\u00bb\n\n\u00ab\u00a0(\u2026) Von der Durchf\u00fchrung des Kopfsatzes an spielten sich die f\u00fcnf in einen Spielrausch, der auch subtile harmonische F\u00e4rbungen einschloss. Elektrisierend, wie sie im Scherzo den galoppierenden Rhythmus aufbauten und ins Trio weiterschwingen liessen. Und im Finale durchstreiften sie nochmals alle Ausdrucksbereiche, die von einem leidenschaftlichen Leben zeugen. \u2013 Dass das Trio Nota Bene auch ohne Verst\u00e4rkung \u00fcberzeugt, hatte es zu Beginn des Abends mit einer farbenreichen und rhythmisch flexiblen Interpretation des Trio \u00e9l\u00e9giaque g-Moll op. 9 Nr. 1 von Sergei Rachmaninow gezeigt. \u00ab\u00a0<\/dd>\n\n\n\n<dt><span>NZZ, J\u00fcrg Huber, novembre 2011<\/span><div class=\"acc-icon-wrap parallax-wrap\"><div class=\"acc-button-icon parallax-element\"><i class=\"fa fa-angle-down\"><\/i><\/div><\/div><\/dt><dd class=\"accordion-content\">\u00a0\u00bb (\u2026) Perfekte Intonation, klangliche Ausgewogenheit, lyrische Kantabilit\u00e4t, Pr\u00e4zision im Zusammenspiel. Dass Lionel Monnet, Julien Zufferey und Xavier Pignat ihr Handwerk verstehen und ein eingespieltes Team sind, war im Kleinen Saal der Z\u00fcrcher Tonhalle von Beginn an ohrenf\u00e4llig. \u00ab\u00a0<\/dd>\n\n\n\n<dt><span>Pamela Hickman blog, novembre 2011<\/span><div class=\"acc-icon-wrap parallax-wrap\"><div class=\"acc-button-icon parallax-element\"><i class=\"fa fa-angle-down\"><\/i><\/div><\/div><\/dt><dd class=\"accordion-content\">The Jerusalem Music Centre, in collaboration with Culture Scapes- the Swiss Season in Israel \u2013 hosted Trio Nota Bene in a concert at the JMC November 11th, 2011.\n\nF. Mendelssohn, Piano Trio op. 66\n\u00ab\u00a0Trio Nota Bene\u2019s playing (\u2026) was communicative, controlled and clean, Mendelssohn\u2019s powerful utterance never sounding over-sentimental.\u00a0\u00bb\n\nFrank Martin, Trio sur des m\u00e9lodies populaires irlandaises\n\u00ab\u00a0The Nota Bene players certainly got into the spirit of energy and exuberance of Irish music, emphasizing the work\u2019s spicy, asymmetric phrases, sudden changes of melody and textures, Martin\u2019s skilful use of thematic variation, syncopations and wild dance rhythms. The players gave the Gigue (Irish Jig) their all, with plenty of intensity and give-and-take.\u00a0\u00bb\n\nP. I. Tchaikovsky, Piano Trio op. 50\n\u00ab\u00a0Trio Nota Bene took on board the technical and emotional aspects of the work, opening with sonorous weaving of melodies and gestures, its funereal, darker moments punctuating more intensive sections. (\u2026) The players presented a range of emotions, styles, associations and references in the Theme and Variations. (\u2026) It was a moving performance. Trio Nota Bene exercises restraint and good taste, avoiding mannerisms and taking trouble to illuminate the musical text. Their playing is direct, focused and sincere.\u00a0\u00bb<\/dd>\n\n\n\n<dt><span>AUDAUD, Robert Moon, f\u00e9vrier 2010<\/span><div class=\"acc-icon-wrap parallax-wrap\"><div class=\"acc-button-icon parallax-element\"><i class=\"fa fa-angle-down\"><\/i><\/div><\/div><\/dt><dd class=\"accordion-content\">\u00ab\u00a0(&#8230;) musicians who are so good that they just blow you away! Trio Nota Bene are such a group \u2013 rhythmically incisive, intonationally perfect, and interpretively brilliant. (&#8230;) Don&rsquo;t miss it!\u00a0\u00bb<\/dd>\n\n\n\n<dt><span>FANFARE, Jerry Dubins, janvier 2010<\/span><div class=\"acc-icon-wrap parallax-wrap\"><div class=\"acc-button-icon parallax-element\"><i class=\"fa fa-angle-down\"><\/i><\/div><\/div><\/dt><dd class=\"accordion-content\">\u00ab\u00a0The trio Nota Bene is the real deal. (&#8230;) the Trio Nota Bene\u2019s performances are very satisfying. Their playing is warm and responsive, and they navigate the technical difficulties of these scores with ease and thoroughly polished execution.\u00a0\u00bb<\/dd>\n\n\n\n<dt><span>QOBUZ, Marcus Stern, janvier 2010<\/span><div class=\"acc-icon-wrap parallax-wrap\"><div class=\"acc-button-icon parallax-element\"><i class=\"fa fa-angle-down\"><\/i><\/div><\/div><\/dt><dd class=\"accordion-content\">\u00ab\u00a0Ce CD exceptionnel met au grand jour trois musiciens incomparables de l\u00e9g\u00e8ret\u00e9, de brillance, de d\u00e9lectation. Cet album est une pure r\u00e9v\u00e9lation. Tout est \u00e9quilibre : richesse de la phrase, musicalit\u00e9 sensuelle et ma\u00eetrise absolue. Une anthologie indispensable \u00e0 poss\u00e9der chez soi&#8230;\u00a0\u00bb<\/dd>\n\n\n\n<dt><span>CONCERTONET, S\u00e9bastien Foucart, novembre 2009<\/span><div class=\"acc-icon-wrap parallax-wrap\"><div class=\"acc-button-icon parallax-element\"><i class=\"fa fa-angle-down\"><\/i><\/div><\/div><\/dt><dd class=\"accordion-content\">\u00ab\u00a0(Ce disque &#8211; Swiss Perspective), au programme aussi original que beau, peut pr\u00e9tendre \u00e0 une place de choix dans une discoth\u00e8que. Il t\u00e9moigne de la maturit\u00e9 de cette formation (&#8230;)\u00a0\u00bb<\/dd>\n\n\n\n<dt><span>SCHWEIZER MUSIKZEITUNG, Daniel Lienhard, ao\u00fbt 2008<\/span><div class=\"acc-icon-wrap parallax-wrap\"><div class=\"acc-button-icon parallax-element\"><i class=\"fa fa-angle-down\"><\/i><\/div><\/div><\/dt><dd class=\"accordion-content\">\u00ab\u00a0Die Interpretationen (\u2026) sind von einer verbl\u00fcffenden Reife, dabei jederzeit klangsch\u00f6n und dynamisch fein abgestuft.\u00a0\u00bb\n\n\u00ab\u00a0Das Trio Nota Bene findet f\u00fcr jedes dieser doch sehr verschiedenartigen Werke den ad\u00e4quaten Zugang. Rachmaninows Melancholie und Leidenschaftlichkeit, Arenskijs Brillanz und Schostakowitschs komplexe Bekenntnismusik kommen ausgezeichnet zur Geltung. Man wird von diesem Trio sicher noch mehr h\u00f6ren.\u00a0\u00bb<\/dd>\n\n\n\n<dt><span>MUSICWEB-INTERNATIONAL, Bob Briggs, avril 2008<\/span><div class=\"acc-icon-wrap parallax-wrap\"><div class=\"acc-button-icon parallax-element\"><i class=\"fa fa-angle-down\"><\/i><\/div><\/div><\/dt><dd class=\"accordion-content\">\u00ab\u00a0The musicians obviously fully understand each other and the give-and-take of the ensemble playing is magnificent. Recording and notes match the performances superbly.\u00a0\u00bb\n\n\u00ab\u00a0There is so much to enjoy here that you\u2019ll find yourself returning to this disk again and again and looking forward to the Trio\u2019s next recording.\u00a0\u00bb<\/dd>\n\n\n\n<dt><span>GALLICANT - Barcelone, Benjamin Fontvella, janvier 2008<\/span><div class=\"acc-icon-wrap parallax-wrap\"><div class=\"acc-button-icon parallax-element\"><i class=\"fa fa-angle-down\"><\/i><\/div><\/div><\/dt><dd class=\"accordion-content\">\u00ab\u00a0Los Nota Bene entran en la partitura con esp\u00ecritu decididamente romantico. Es una lectura intensa y emocionante, a velocitad de v\u00e9rtigo en el danzante segundo movimiento, y no evitan la agresividad y el punto de barbarie que exige el escalofriante finale. En resumen, un disco muy bueno al que damos nuestra recomendacion y un trio que debemos vigilar de cerca.\u00a0\u00bb<\/dd>\n\n\n\n<dt><span>UTMISOL - Toulouse, Jean-F\u00e9lix Marquette, janvier 2008<\/span><div class=\"acc-icon-wrap parallax-wrap\"><div class=\"acc-button-icon parallax-element\"><i class=\"fa fa-angle-down\"><\/i><\/div><\/div><\/dt><dd class=\"accordion-content\">\u00ab\u00a0Cette formation helv\u00e9tique poss\u00e8de la fougue, l&rsquo;implication et l&rsquo;audace de la jeunesse. Malgr\u00e9 cette belle fra\u00eecheur, l&rsquo;ensemble se r\u00e9v\u00e8le d&rsquo;une surprenante maturit\u00e9, (&#8230;) r\u00e9veille en nous une vive \u00e9motion. Les instruments \u00e9changent, se fondent ou se heurtent parfois, bref ils nouent et d\u00e9nouent le fil du discours dans une version d&rsquo;une rare intelligence. Les musiciens jouent juste au propre comme au figur\u00e9 dans une approche sonore toute vocale.\u00a0\u00bb\n\n\u00ab\u00a0Mariage heureux des instruments, subtilit\u00e9 des nuances, intelligence du jeu, \u00e9loquence du discours : tout concourt \u00e0 rendre cet enregistrement d\u00e9licieux. Le jeune trio Nota Bene d\u00e9j\u00e0 reconnu dans le monde musical comptera bient\u00f4t assur\u00e9ment parmi les meilleures formations du genre.\u00a0\u00bb<\/dd>\n\n\n\n<dt><span>KULTOUR - Thoune, octobre 2007<\/span><div class=\"acc-icon-wrap parallax-wrap\"><div class=\"acc-button-icon parallax-element\"><i class=\"fa fa-angle-down\"><\/i><\/div><\/div><\/dt><dd class=\"accordion-content\">\u00ab\u00a0Dem Ensemble gelingt es, den Geist dieser Werke zu vermitteln, gerade weil es nie zu dick auftr\u00e4gt : sorgf\u00e4ltig leuchtet es die Strukturen aus, ohne ins Pathos abzugleiten. Eine spannungsvolle Einspielung (&#8230;)\u00a0\u00bb<\/dd>\n<\/dl>\n\n\n\n<p class=\"wp-block-paragraph\"><\/p>\n","protected":false},"excerpt":{"rendered":"","protected":false},"author":1,"featured_media":0,"parent":0,"menu_order":0,"comment_status":"closed","ping_status":"closed","template":"","meta":{"_crdt_document":"","pgc_sgb_lightbox_settings":"","footnotes":""},"class_list":["post-43","page","type-page","status-publish","hentry"],"_links":{"self":[{"href":"https:\/\/www.musiquenotabene.ch\/index.php?rest_route=\/wp\/v2\/pages\/43","targetHints":{"allow":["GET"]}}],"collection":[{"href":"https:\/\/www.musiquenotabene.ch\/index.php?rest_route=\/wp\/v2\/pages"}],"about":[{"href":"https:\/\/www.musiquenotabene.ch\/index.php?rest_route=\/wp\/v2\/types\/page"}],"author":[{"embeddable":true,"href":"https:\/\/www.musiquenotabene.ch\/index.php?rest_route=\/wp\/v2\/users\/1"}],"replies":[{"embeddable":true,"href":"https:\/\/www.musiquenotabene.ch\/index.php?rest_route=%2Fwp%2Fv2%2Fcomments&post=43"}],"version-history":[{"count":9,"href":"https:\/\/www.musiquenotabene.ch\/index.php?rest_route=\/wp\/v2\/pages\/43\/revisions"}],"predecessor-version":[{"id":160,"href":"https:\/\/www.musiquenotabene.ch\/index.php?rest_route=\/wp\/v2\/pages\/43\/revisions\/160"}],"wp:attachment":[{"href":"https:\/\/www.musiquenotabene.ch\/index.php?rest_route=%2Fwp%2Fv2%2Fmedia&parent=43"}],"curies":[{"name":"wp","href":"https:\/\/api.w.org\/{rel}","templated":true}]}}