{"id":12,"date":"2025-01-23T19:27:07","date_gmt":"2025-01-23T19:27:07","guid":{"rendered":"https:\/\/www.musiquenotabene.ch\/?page_id=12"},"modified":"2025-11-16T08:43:56","modified_gmt":"2025-11-16T08:43:56","slug":"biography","status":"publish","type":"page","link":"https:\/\/www.musiquenotabene.ch\/?page_id=12","title":{"rendered":"Biographie"},"content":{"rendered":"\n<figure class=\"wp-block-image size-full\"><img loading=\"lazy\" decoding=\"async\" width=\"8179\" height=\"5455\" src=\"https:\/\/www.musiquenotabene.ch\/wp-content\/uploads\/2025\/05\/lifefragment-388.jpg\" alt=\"\" class=\"wp-image-97\" srcset=\"https:\/\/www.musiquenotabene.ch\/wp-content\/uploads\/2025\/05\/lifefragment-388.jpg 8179w, https:\/\/www.musiquenotabene.ch\/wp-content\/uploads\/2025\/05\/lifefragment-388-300x200.jpg 300w, https:\/\/www.musiquenotabene.ch\/wp-content\/uploads\/2025\/05\/lifefragment-388-1024x683.jpg 1024w, https:\/\/www.musiquenotabene.ch\/wp-content\/uploads\/2025\/05\/lifefragment-388-768x512.jpg 768w, https:\/\/www.musiquenotabene.ch\/wp-content\/uploads\/2025\/05\/lifefragment-388-1536x1024.jpg 1536w\" sizes=\"auto, (max-width: 8179px) 100vw, 8179px\" \/><\/figure>\n\n\n\n<dl class=\"wp-block-rayden-gutenberg-accordion accordion undefined\">\n<dt><span>Trio Nota bene FR<\/span><div class=\"acc-icon-wrap parallax-wrap\"><div class=\"acc-button-icon parallax-element\"><i class=\"fa fa-angle-down\"><\/i><\/div><\/div><\/dt><dd class=\"accordion-content\">Lou\u00e9 par le compositeur Henri Dutilleux comme un \u00ab\u00a0ensemble de tr\u00e8s grande\nnoblesse\u00a0\u00bb, le Trio Nota Bene est devenu au fil des ans une formation incontournable\nde la sc\u00e8ne musicale internationale.\nApr\u00e8s l\u2019obtention d\u2019une virtuosit\u00e9 de musique de chambre au Conservatoire de\nLausanne, le groupe se perfectionne \u00e0 Paris aupr\u00e8s du Trio Wanderer, puis b\u00e9n\u00e9ficie\ndes conseils de Menahem Pressler du Beaux-Arts Trio de New York, de Shmuel\nAshkenasi du Quatuor Vermeer, de Christian Ivaldi, de Claire D\u00e9sert et d\u2019Emmanuel\nStrosser.\n\u00a0\nEn 2004, le Trio Nota Bene se voit d\u00e9cerner le 1er Prix du Concours International de\nmusique de chambre de Rotterdam. Par la suite, il obtiendra le Prix Culturel\nd\u2019Encouragement de l\u2019Etat du Valais, le 1er Prix du 28\u00e8me Concours pour Trio\nInstrumental \u2013 Prix G\u00e9raldine Whittaker \u00e0 Neuch\u00e2tel, le Prix Philippe Chaignat\nr\u00e9compensant la qualit\u00e9 de sa prestation lors des Sommets Musicaux de Gstaad et\nle Prix du Public \u00e0 l\u2019\u00e9dition 2009 du Prix Zulawski-Ville de Chamonix.\n\u00a0\nLe Trio Nota Bene se produit r\u00e9guli\u00e8rement sur les sc\u00e8nes internationales dont la\nTonhalle de Zurich, le Zermatt Festival, le Festival International de la Roque\nd\u2019Anth\u00e9ron, La Folle Journ\u00e9e de Nantes, le Concertgebouw d\u2019Amsterdam, les\nZinettiadi de V\u00e9rone, le Festival de Castres, le Festival International de Ljubljana, le\nFestival D-Marin de Bodrum o\u00f9 les trois artistes apparaissent en solistes dans le\nTriple Concerto de Beethoven aux c\u00f4t\u00e9s du Dogus Symphony Orchestra. Une\ntourn\u00e9e isra\u00e9lienne m\u00e8ne aussi les trois musiciens au Recanati Hall de Tel Aviv, au\nMusic Center de J\u00e9rusalem et \u00e0 la Chamber Music Society de Ha\u00effa. Pour le Triple\nConcerto toujours, le Trio a collabor\u00e9 avec l\u2019Orchestre de Chambre de Z\u00fcrich ainsi\nqu\u2019avec l\u2019Orchestre de Chambre de Lausanne sous la direction d\u2019Hannu Lintu.\u00a0\nActif dans le domaine de la musique contemporaine, le Trio Nota Bene cr\u00e9e\nr\u00e9guli\u00e8rement des \u0153uvres de compositeurs suisses et \u00e9trangers : citons les\npremi\u00e8res des trios de Roberto Sierra, Jean-Luc Darbellay, Gregorio Zanon et Alfred\nZimmerlin.\n\u00a0\nLe Trio collabore r\u00e9guli\u00e8rement avec des artistes de renom tels que Renaud\nCapu\u00e7on, Shlomo Mintz, Pierre Amoyal, Nobuko Imai, G\u00e9rard Causs\u00e9, Blythe\nEngstr\u00f6m, Ilya Gringolts, Svetlana Makarova et Shmuel Ashkenasi. \u00a0\nLe Trio Nota Bene enregistre sous le label suisse \u00ab\u00a0Claves\u00a0\u00bb, distribution\ninternationale.<\/dd>\n\n\n\n<dt><span>Trio Nota bene EN<\/span><div class=\"acc-icon-wrap parallax-wrap\"><div class=\"acc-button-icon parallax-element\"><i class=\"fa fa-angle-down\"><\/i><\/div><\/div><\/dt><dd class=\"accordion-content\">Praised by composer Henri Dutilleux as an \u201censemble of great nobility\u201d, the Trio Nota Bene has, over the years, become an essential presence on the international music scene.\n\nAfter earning a chamber music virtuosity diploma at the Lausanne Conservatory, the group went on to refine its artistry in Paris under the guidance of the Trio Wanderer. They later benefited from the mentorship of Menahem Pressler of the Beaux-Arts Trio of New York, Shmuel Ashkenasi of the Vermeer Quartet, Christian Ivaldi, Claire D\u00e9sert, and Emmanuel Strosser.\n\nIn 2004, Trio Nota Bene was awarded First Prize at the International Chamber Music Competition in Rotterdam. Further distinctions followed, including the Cultural Encouragement Award of the Canton of Valais, First Prize at the 28th International Competition for Instrumental Trios \u2013 G\u00e9raldine Whittaker Prize in Neuch\u00e2tel, the Philippe Chaignat Prize for their performance at the Sommets Musicaux de Gstaad, and the Audience Prize at the 2009 Zulawski Prize \u2013 City of Chamonix.\n\nThe Trio regularly performs on leading international stages such as the Tonhalle Zurich, the Zermatt Festival, the International Festival of La Roque d\u2019Anth\u00e9ron, La Folle Journ\u00e9e de Nantes, the Concertgebouw Amsterdam, the Zinettiadi Festival in Verona, the Castres Festival, the Ljubljana International Festival, and the D-Marin Festival in Bodrum, where the three musicians appeared as soloists in Beethoven\u2019s Triple Concerto alongside the Dogus Symphony Orchestra. An Israeli tour brought the ensemble to Recanati Hall in Tel Aviv, the Jerusalem Music Center, and the Haifa Chamber Music Society. In the same concerto, the Trio has also collaborated with the Zurich Chamber Orchestra and the Lausanne Chamber Orchestra under the baton of Hannu Lintu.\n\nActively engaged in contemporary music, Trio Nota Bene frequently premieres works by Swiss and international composers, including trios by Roberto Sierra, Jean-Luc Darbellay, Gregorio Zanon, and Alfred Zimmerlin.\n\nThe Trio also collaborates with renowned artists such as Renaud Capu\u00e7on, Shlomo Mintz, Pierre Amoyal, Nobuko Imai, G\u00e9rard Causs\u00e9, Blythe Engstr\u00f6m, Ilya Gringolts, Svetlana Makarova and Shmuel Ashkenasi.\n\nTrio Nota Bene records under the Swiss label Claves, with international distribution.<\/dd>\n\n\n\n<dt><span>Lionel Monnet<\/span><div class=\"acc-icon-wrap parallax-wrap\"><div class=\"acc-button-icon parallax-element\"><i class=\"fa fa-angle-down\"><\/i><\/div><\/div><\/dt><dd class=\"accordion-content\">Le pianiste suisse Lionel Monnet obtient une virtuosit\u00e9 avec distinction \u00e0 la Haute \u00c9cole de Musique de Lausanne dans la classe de Christian Favre. Il poursuit sa formation aupr\u00e8s de son mentor Abdel Rahman El Bacha \u00e0 Paris.\u00a0Lionel Monnet est finaliste du Concours International de piano de Pescara. Il est accompagnateur du Concours international de violon \u00ab\u00a0Shlomo Mintz\u00a0\u00bb de Sion. Lionel Monnet se produit au Zermatt Music Festival, \u00e0 la Fondation Pierre Gianadda, au Grand Th\u00e9\u00e2tre de Gen\u00e8ve invit\u00e9 par Luciano Berio. Il  participe \u00e0 une tourn\u00e9e am\u00e9ricaine passant par Philadelphie et Princeton ainsi qu\u2019au New York Festival. Il est le pianiste du \u00ab Fuego Quinteto \u00bb sp\u00e9cialis\u00e9 dans la musique d\u2019Astor Piazzolla.\u00a0Lionel Monnet joue avec des artistes de r\u00e9putation mondiale tels que, Tibor Varga, Oph\u00e9lie Gaillard, Michel Dalberto, Svetlin Roussev, Svetlana Makarova, Quatuor Terpsycordes, Ambroisine Br\u00e9, Brigitte Balleys, Brigitte Fournier, le Quatuor Sine Nomine et Edgar Moreau.\u00a0Depuis 2011, il est professeur de piano au Conservatoire de musique de Sion (Valais\/Suisse). Il est le fondateur et directeur artistique de \u00ab\u00a0L\u2019Espace Consonance\u00a0\u00bb de Saxon en Suisse, un studio d\u2019enregistrement et salle de concert dans laquelle se d\u00e9roule chaque ann\u00e9e une prestigieuse saison musicale (www.espaceconsonance.com) Lionel Monnet est repr\u00e9sent\u00e9 par le label de disques suisse \u00ab Claves \u00bb et am\u00e9ricain \u00ab Naxos \u00bb.<\/dd>\n\n\n\n<dt><span>Xavier Pignat<\/span><div class=\"acc-icon-wrap parallax-wrap\"><div class=\"acc-button-icon parallax-element\"><i class=\"fa fa-angle-down\"><\/i><\/div><\/div><\/dt><dd class=\"accordion-content\">Issu d\u2019une famille de m\u00e9lomanes, Xavier a toujours plac\u00e9 la musique au centre\nde son d\u00e9veloppement artistique. Passionn\u00e9 de musique de chambre et\nd\u2019orchestre, il commence tr\u00e8s t\u00f4t \u00e0 jouer avec d\u2019autres musiciens dans\ndiff\u00e9rentes formations.\nSa premi\u00e8re professeure, Susan Rybicki-Varga le suit durant pr\u00e8s de 10 ans et le\nsoutient jusqu\u2019\u00e0 son dipl\u00f4me d\u2019enseignement qu\u2019il obtient au Conservatoire de\nLausanne.\nXavier se perfectionne ensuite \u00e0 Winterthur aupr\u00e8s de Rapha\u00ebl Wallfisch puis\ndans la classe de Thomas Grossenbacher \u00e0 Z\u00fcrich o\u00f9 il se voit d\u00e9cerner le\ndipl\u00f4me de soliste.\nDurant toutes ses ann\u00e9es de formation, il joue dans diff\u00e9rents groupes de\nmusique de chambre. Il se produit dans de nombreux festivals en France,\nAutriche, Italie, Costa Rica, Argentine, Br\u00e9sil et Afrique du Sud. Il a la chance\nd\u2019accompagner des musiciens r\u00e9put\u00e9s comme Anna Chumachenco, Mathias\nEnderle, Brigitte Meyer, Bartek Niziol ou encore Louise Pellerin.\nPassionn\u00e9 d\u2019orchestre, il est engag\u00e9 par l\u2019acad\u00e9mie de la Tonhalle de Z\u00fcrich\npour apprendre le m\u00e9tier de musicien d\u2019orchestre. Fort de cette exp\u00e9rience, il\nobtient un poste \u00e0 l\u2019Orchestre de l\u2019Op\u00e9ra de Z\u00fcrich. Cinq ans plus tard, il\ndevient co-soliste dans le m\u00eame orchestre.\nAvec plus de 15 ans d\u2019activit\u00e9 orchestrale, il transmet r\u00e9guli\u00e8rement son\nexp\u00e9rience et sa passion du m\u00e9tier aux jeunes acad\u00e9mistes et \u00e9tudiants de la\nHaute Ecole de Z\u00fcrich.<\/dd>\n\n\n\n<dt><span>Julien Zufferey<\/span><div class=\"acc-icon-wrap parallax-wrap\"><div class=\"acc-button-icon parallax-element\"><i class=\"fa fa-angle-down\"><\/i><\/div><\/div><\/dt><dd class=\"accordion-content\">Julien Zufferey s\u2019est form\u00e9 aupr\u00e8s de Stefan Ruha, Tibor Varga, puis Margarita Karafilova au\nConservatoire de Lausanne, o\u00f9 il obtient un Dipl\u00f4me de Soliste assorti du Prix Durovic-Faler et du\nPrix Paderewski. Il se perfectionne ensuite \u00e0 Amsterdam avec Berent Korfker, puis au Chicago\nCollege of Performing Arts de la Roosevelt University. Successivement, il suit les cours de son mentor\nShmuel Ashkenasi \u00e0 la Musikhochschule de L\u00fcbeck. Il re\u00e7oit, en outre, les conseils de professeurs\ntels que Emilian Piedicuta, Geza Kapas, Adelina Oprean, Zakhar Bron et Pavel Vernikov et remporte\nplusieurs distinctions : Concours des Jeunes Musiciens \u00e0 Moudon, Concours Suisse de Musique pour\nla Jeunesse \u00e0 Gen\u00e8ve, Prix Migros, Prix Kiefer-Hablitzel.\u00a0\nEn soliste, Julien Zufferey se produit avec l&#39;OCL et l&#39;OSUL aux c\u00f4t\u00e9s d\u2019Herv\u00e9 Klopfenstein, puis l\u2019OCL\navec Hannu Lintu, l&#39;OCG sous la houlette de Michael Hofstetter, l&#39;OCV sous la direction de Jean-\nPierre Wallez, le Konzert Gesellschaft Oberwallis sous la baguette de Paul Locher, ainsi qu\u2019avec\nl\u2019Orchestra da Camera Aloisiana dirig\u00e9 par Chiara Roman\u00f2.\nApr\u00e8s avoir \u00e9t\u00e9 professeur de violon et de musique de chambre au Conservatoire Populaire de\nMusique de Gen\u00e8ve et professeur assistant de Svetlana Makarova \u00e0 la HEMu de Lausanne, Julien\nZufferey est depuis 2022 en charge de sa propre classe \u00e0 la HEM de Gen\u00e8ve sur le site de Neuch\u00e2tel,\nainsi que professeur de violon au Conservatoire de Lausanne. Il tient en outre une master class\nr\u00e9guli\u00e8re \u00e0 l\u2019Acad\u00e9mie Tibor Varga de Sion.\nFr\u00e9quemment invit\u00e9 \u00e0 si\u00e9ger au sein de jurys de concours nationaux et internationaux, Julien a\nl\u2019opportunit\u00e9 de d\u00e9montrer des comp\u00e9tences p\u00e9dagogiques f\u00e9condes aupr\u00e8s de jeunes violonistes\nparmi les plus talentueux de leurs g\u00e9n\u00e9rations qui sont, chaque ann\u00e9e, laur\u00e9ats de concours\nnationaux et internationaux.\nIl joue sur un violon Tommaso Balestrieri (1788) g\u00e9n\u00e9reusement mis \u00e0 sa disposition par un m\u00e9c\u00e8ne\nsuisse.<\/dd>\n<\/dl>\n\n\n\n<p class=\"wp-block-paragraph\"><\/p>\n","protected":false},"excerpt":{"rendered":"","protected":false},"author":1,"featured_media":0,"parent":0,"menu_order":0,"comment_status":"closed","ping_status":"closed","template":"","meta":{"_crdt_document":"","pgc_sgb_lightbox_settings":"","footnotes":""},"class_list":["post-12","page","type-page","status-publish","hentry"],"_links":{"self":[{"href":"https:\/\/www.musiquenotabene.ch\/index.php?rest_route=\/wp\/v2\/pages\/12","targetHints":{"allow":["GET"]}}],"collection":[{"href":"https:\/\/www.musiquenotabene.ch\/index.php?rest_route=\/wp\/v2\/pages"}],"about":[{"href":"https:\/\/www.musiquenotabene.ch\/index.php?rest_route=\/wp\/v2\/types\/page"}],"author":[{"embeddable":true,"href":"https:\/\/www.musiquenotabene.ch\/index.php?rest_route=\/wp\/v2\/users\/1"}],"replies":[{"embeddable":true,"href":"https:\/\/www.musiquenotabene.ch\/index.php?rest_route=%2Fwp%2Fv2%2Fcomments&post=12"}],"version-history":[{"count":8,"href":"https:\/\/www.musiquenotabene.ch\/index.php?rest_route=\/wp\/v2\/pages\/12\/revisions"}],"predecessor-version":[{"id":194,"href":"https:\/\/www.musiquenotabene.ch\/index.php?rest_route=\/wp\/v2\/pages\/12\/revisions\/194"}],"wp:attachment":[{"href":"https:\/\/www.musiquenotabene.ch\/index.php?rest_route=%2Fwp%2Fv2%2Fmedia&parent=12"}],"curies":[{"name":"wp","href":"https:\/\/api.w.org\/{rel}","templated":true}]}}